{"id":1489,"date":"2024-08-02T13:13:02","date_gmt":"2024-08-02T10:13:02","guid":{"rendered":"https:\/\/fourseasonsrestaurant.gr\/startseite\/"},"modified":"2024-09-10T12:26:23","modified_gmt":"2024-09-10T09:26:23","slug":"startseite","status":"publish","type":"page","link":"https:\/\/fourseasonsrestaurant.gr\/de\/","title":{"rendered":"Startseite"},"content":{"rendered":"\t\t<div data-elementor-type=\"wp-page\" data-elementor-id=\"1489\" class=\"elementor elementor-1489 elementor-571\">\n\t\t\t\t<div class=\"elementor-element elementor-element-ac8b44e e-flex e-con-boxed e-con e-parent\" data-id=\"ac8b44e\" data-element_type=\"container\" data-settings=\"{&quot;background_background&quot;:&quot;slideshow&quot;,&quot;background_slideshow_gallery&quot;:[{&quot;id&quot;:529,&quot;url&quot;:&quot;https:\\\/\\\/fourseasonsrestaurant.gr\\\/wp-content\\\/uploads\\\/2024\\\/08\\\/IMG_20230813_195534-1.jpg&quot;},{&quot;id&quot;:1443,&quot;url&quot;:&quot;https:\\\/\\\/fourseasonsrestaurant.gr\\\/wp-content\\\/uploads\\\/2024\\\/08\\\/pasta-afandou-03.jpg&quot;}],&quot;background_slideshow_slide_transition&quot;:&quot;slide_left&quot;,&quot;background_slideshow_slide_duration&quot;:2000,&quot;background_slideshow_loop&quot;:&quot;yes&quot;,&quot;background_slideshow_transition_duration&quot;:500}\">\n\t\t\t\t\t<div class=\"e-con-inner\">\n\t\t<div class=\"elementor-element elementor-element-ae1c87f e-con-full e-flex e-con e-child\" data-id=\"ae1c87f\" data-element_type=\"container\">\n\t\t\t\t<div class=\"elementor-element elementor-element-3fd829e elementor-widget__width-auto elementor-invisible elementor-widget elementor-widget-heading\" data-id=\"3fd829e\" data-element_type=\"widget\" data-settings=\"{&quot;_animation&quot;:&quot;fadeInDown&quot;}\" data-widget_type=\"heading.default\">\n\t\t\t\t\t<h6 class=\"elementor-heading-title elementor-size-default\">Willkommen im Four Seasons Restaurant Afandou<\/h6>\t\t\t\t<\/div>\n\t\t\t\t<div class=\"elementor-element elementor-element-7c0242f elementor-invisible elementor-widget elementor-widget-heading\" data-id=\"7c0242f\" data-element_type=\"widget\" data-settings=\"{&quot;_animation&quot;:&quot;fadeInLeft&quot;}\" data-widget_type=\"heading.default\">\n\t\t\t\t\t<h1 class=\"elementor-heading-title elementor-size-default\">Pizza Pasta Restaurant Afandou<\/h1>\t\t\t\t<\/div>\n\t\t\t\t<div class=\"elementor-element elementor-element-2f6f3bf elementor-invisible elementor-widget elementor-widget-button\" data-id=\"2f6f3bf\" data-element_type=\"widget\" data-settings=\"{&quot;_animation&quot;:&quot;fadeInUp&quot;,&quot;_animation_delay&quot;:50}\" data-widget_type=\"button.default\">\n\t\t\t\t\t\t\t\t\t\t<a class=\"elementor-button elementor-button-link elementor-size-sm elementor-animation-float\" href=\"https:\/\/fourseasonsrestaurant.gr\/de\/unser-menue\/\">\n\t\t\t\t\t\t<span class=\"elementor-button-content-wrapper\">\n\t\t\t\t\t\t<span class=\"elementor-button-icon\">\n\t\t\t\t<i aria-hidden=\"true\" class=\"icon icon-right-arrow1\"><\/i>\t\t\t<\/span>\n\t\t\t\t\t\t\t\t\t<span class=\"elementor-button-text\">Entdecken Sie unser Men\u00fc<\/span>\n\t\t\t\t\t<\/span>\n\t\t\t\t\t<\/a>\n\t\t\t\t\t\t\t\t<\/div>\n\t\t\t\t<\/div>\n\t\t\t\t\t<\/div>\n\t\t\t\t<\/div>\n\t\t<div class=\"elementor-element elementor-element-73d2e5b e-flex e-con-boxed e-con e-parent\" data-id=\"73d2e5b\" data-element_type=\"container\">\n\t\t\t\t\t<div class=\"e-con-inner\">\n\t\t\t\t<div class=\"elementor-element elementor-element-71942ee elementor-widget elementor-widget-heading\" data-id=\"71942ee\" data-element_type=\"widget\" data-widget_type=\"heading.default\">\n\t\t\t\t\t<h5 class=\"elementor-heading-title elementor-size-default\">\u00dcber uns<\/h5>\t\t\t\t<\/div>\n\t\t\t\t<div class=\"elementor-element elementor-element-14081b4 elementor-widget elementor-widget-heading\" data-id=\"14081b4\" data-element_type=\"widget\" data-widget_type=\"heading.default\">\n\t\t\t\t\t<h2 class=\"elementor-heading-title elementor-size-default\">about us<\/h2>\t\t\t\t<\/div>\n\t\t\t\t\t<\/div>\n\t\t\t\t<\/div>\n\t\t<div class=\"elementor-element elementor-element-980afd3 e-flex e-con-boxed e-con e-parent\" data-id=\"980afd3\" data-element_type=\"container\">\n\t\t\t\t\t<div class=\"e-con-inner\">\n\t\t<div class=\"elementor-element elementor-element-e9ba2aa e-con-full e-flex e-con e-child\" data-id=\"e9ba2aa\" data-element_type=\"container\">\n\t\t\t\t<div class=\"elementor-element elementor-element-e557c52 elementor-invisible elementor-widget elementor-widget-heading\" data-id=\"e557c52\" data-element_type=\"widget\" data-settings=\"{&quot;_animation&quot;:&quot;fadeInDown&quot;}\" data-widget_type=\"heading.default\">\n\t\t\t\t\t<h3 class=\"elementor-heading-title elementor-size-default\">Pizza, Pasta, Grill  Griechisches Restaurant in Afandou<\/h3>\t\t\t\t<\/div>\n\t\t\t\t<div class=\"elementor-element elementor-element-63af30d elementor-invisible elementor-widget elementor-widget-text-editor\" data-id=\"63af30d\" data-element_type=\"widget\" data-settings=\"{&quot;_animation&quot;:&quot;fadeIn&quot;}\" data-widget_type=\"text-editor.default\">\n\t\t\t\t\t\t\t\t\t<p>Im Four Seasons Restaurant in Afandou, Rhodos, sind wir stolz darauf, die besten <b>Pizzen <\/b>und <b>Pastagerichte <\/b>zu <b>servieren<\/b>, die mit frischen, lokal bezogenen Zutaten zubereitet werden. Unser Men\u00fc ist ein Fest der Aromen und bietet eine vielf\u00e4ltige Auswahl, die alle Geschm\u00e4cker bedient. Ob Einheimischer oder Besucher, wir laden Sie ein, unsere herzliche Gastfreundschaft zu erleben und ein unvergessliches Essen in einer entspannten, einladenden Atmosph\u00e4re zu genie\u00dfen. Zudem bieten wir kostenlosen <b>Lieferservice <\/b>nach Afandou und in die umliegenden Gebiete, einschlie\u00dflich Kolymbia und Kalithies, damit Sie unsere k\u00f6stlichen Gerichte bequem von zu Hause aus genie\u00dfen k\u00f6nnen.<\/p>\n\t\t\t\t\t\t\t\t<\/div>\n\t\t\t\t<div class=\"elementor-element elementor-element-18de073 elementor-align-left elementor-invisible elementor-widget elementor-widget-button\" data-id=\"18de073\" data-element_type=\"widget\" data-settings=\"{&quot;_animation&quot;:&quot;fadeInUp&quot;}\" data-widget_type=\"button.default\">\n\t\t\t\t\t\t\t\t\t\t<a class=\"elementor-button elementor-button-link elementor-size-sm elementor-animation-float\" href=\"#menu\">\n\t\t\t\t\t\t<span class=\"elementor-button-content-wrapper\">\n\t\t\t\t\t\t<span class=\"elementor-button-icon\">\n\t\t\t\t<i aria-hidden=\"true\" class=\"icon icon-right-arrow\"><\/i>\t\t\t<\/span>\n\t\t\t\t\t\t\t\t\t<span class=\"elementor-button-text\">Erfahren Sie mehr<\/span>\n\t\t\t\t\t<\/span>\n\t\t\t\t\t<\/a>\n\t\t\t\t\t\t\t\t<\/div>\n\t\t\t\t<\/div>\n\t\t<div class=\"elementor-element elementor-element-e16a2e1 e-con-full e-flex e-con e-child\" data-id=\"e16a2e1\" data-element_type=\"container\" data-settings=\"{&quot;background_background&quot;:&quot;classic&quot;}\">\n\t\t<div class=\"elementor-element elementor-element-ab07757 e-con-full e-flex e-con e-child\" data-id=\"ab07757\" data-element_type=\"container\">\n\t\t<div class=\"elementor-element elementor-element-149b80b e-con-full e-flex e-con e-child\" data-id=\"149b80b\" data-element_type=\"container\">\n\t\t\t\t<div class=\"elementor-element elementor-element-e0ebc2b elementor-invisible elementor-widget elementor-widget-image\" data-id=\"e0ebc2b\" data-element_type=\"widget\" data-settings=\"{&quot;_animation&quot;:&quot;fadeIn&quot;}\" data-widget_type=\"image.default\">\n\t\t\t\t\t\t\t\t\t\t\t\t\t\t\t<img fetchpriority=\"high\" decoding=\"async\" width=\"680\" height=\"510\" src=\"https:\/\/fourseasonsrestaurant.gr\/wp-content\/uploads\/2024\/04\/2017-10-15-1.jpg\" class=\"attachment-full size-full wp-image-450\" alt=\"\" srcset=\"https:\/\/fourseasonsrestaurant.gr\/wp-content\/uploads\/2024\/04\/2017-10-15-1.jpg 680w, https:\/\/fourseasonsrestaurant.gr\/wp-content\/uploads\/2024\/04\/2017-10-15-1-600x450.jpg 600w, https:\/\/fourseasonsrestaurant.gr\/wp-content\/uploads\/2024\/04\/2017-10-15-1-300x225.jpg 300w\" sizes=\"(max-width: 680px) 100vw, 680px\" \/>\t\t\t\t\t\t\t\t\t\t\t\t\t\t\t<\/div>\n\t\t\t\t<\/div>\n\t\t<div class=\"elementor-element elementor-element-814356e e-con-full e-flex elementor-invisible e-con e-child\" data-id=\"814356e\" data-element_type=\"container\" data-settings=\"{&quot;animation&quot;:&quot;fadeIn&quot;}\">\n\t\t\t\t<div class=\"elementor-element elementor-element-625f600 elementor-widget elementor-widget-image\" data-id=\"625f600\" data-element_type=\"widget\" data-widget_type=\"image.default\">\n\t\t\t\t\t\t\t\t\t\t\t\t\t\t\t<img decoding=\"async\" width=\"382\" height=\"510\" src=\"https:\/\/fourseasonsrestaurant.gr\/wp-content\/uploads\/2024\/04\/2022-08-12-1.jpg\" class=\"attachment-full size-full wp-image-147\" alt=\"\" srcset=\"https:\/\/fourseasonsrestaurant.gr\/wp-content\/uploads\/2024\/04\/2022-08-12-1.jpg 382w, https:\/\/fourseasonsrestaurant.gr\/wp-content\/uploads\/2024\/04\/2022-08-12-1-225x300.jpg 225w\" sizes=\"(max-width: 382px) 100vw, 382px\" \/>\t\t\t\t\t\t\t\t\t\t\t\t\t\t\t<\/div>\n\t\t\t\t<\/div>\n\t\t\t\t<\/div>\n\t\t\t\t<\/div>\n\t\t\t\t\t<\/div>\n\t\t\t\t<\/div>\n\t\t<div class=\"elementor-element elementor-element-afc5098 e-flex e-con-boxed e-con e-parent\" data-id=\"afc5098\" data-element_type=\"container\" id=\"menu\" data-settings=\"{&quot;background_background&quot;:&quot;classic&quot;}\">\n\t\t\t\t\t<div class=\"e-con-inner\">\n\t\t<a class=\"elementor-element elementor-element-58ffa26 e-con-full animated-slow e-flex elementor-invisible e-con e-child\" data-id=\"58ffa26\" data-element_type=\"container\" data-settings=\"{&quot;background_background&quot;:&quot;classic&quot;,&quot;animation&quot;:&quot;fadeIn&quot;}\" href=\"https:\/\/fourseasonsrestaurant.gr\/de\/unser-menue\/\">\n\t\t\t\t<div class=\"elementor-element elementor-element-9424639 elementor-widget__width-auto elementor-widget elementor-widget-heading\" data-id=\"9424639\" data-element_type=\"widget\" data-widget_type=\"heading.default\">\n\t\t\t\t\t<h2 class=\"elementor-heading-title elementor-size-default\">PIZZA<\/h2>\t\t\t\t<\/div>\n\t\t\t\t<\/a>\n\t\t<a class=\"elementor-element elementor-element-2f92a35 e-con-full animated-slow e-flex elementor-invisible e-con e-child\" data-id=\"2f92a35\" data-element_type=\"container\" data-settings=\"{&quot;background_background&quot;:&quot;classic&quot;,&quot;animation&quot;:&quot;fadeIn&quot;,&quot;animation_delay&quot;:150}\" href=\"https:\/\/fourseasonsrestaurant.gr\/de\/unser-menue\/\">\n\t\t\t\t<div class=\"elementor-element elementor-element-5e8e2c3 elementor-widget__width-auto elementor-widget elementor-widget-heading\" data-id=\"5e8e2c3\" data-element_type=\"widget\" data-widget_type=\"heading.default\">\n\t\t\t\t\t<h2 class=\"elementor-heading-title elementor-size-default\">PASTA<\/h2>\t\t\t\t<\/div>\n\t\t\t\t<\/a>\n\t\t<a class=\"elementor-element elementor-element-cd45cfd e-con-full animated-slow e-flex elementor-invisible e-con e-child\" data-id=\"cd45cfd\" data-element_type=\"container\" data-settings=\"{&quot;background_background&quot;:&quot;classic&quot;,&quot;animation&quot;:&quot;fadeIn&quot;,&quot;animation_delay&quot;:300}\" href=\"https:\/\/fourseasonsrestaurant.gr\/de\/unser-menue\/\">\n\t\t\t\t<div class=\"elementor-element elementor-element-ed846ae elementor-widget__width-auto elementor-widget elementor-widget-heading\" data-id=\"ed846ae\" data-element_type=\"widget\" data-widget_type=\"heading.default\">\n\t\t\t\t\t<h2 class=\"elementor-heading-title elementor-size-default\">STEAKS<\/h2>\t\t\t\t<\/div>\n\t\t\t\t<\/a>\n\t\t<a class=\"elementor-element elementor-element-93729f3 e-con-full animated-slow e-flex elementor-invisible e-con e-child\" data-id=\"93729f3\" data-element_type=\"container\" data-settings=\"{&quot;background_background&quot;:&quot;classic&quot;,&quot;animation&quot;:&quot;fadeIn&quot;,&quot;animation_delay&quot;:450}\" href=\"https:\/\/fourseasonsrestaurant.gr\/de\/unser-menue\/\">\n\t\t\t\t<div class=\"elementor-element elementor-element-9e26b16 elementor-widget__width-auto elementor-widget elementor-widget-heading\" data-id=\"9e26b16\" data-element_type=\"widget\" data-widget_type=\"heading.default\">\n\t\t\t\t\t<h2 class=\"elementor-heading-title elementor-size-default\">GRIECHISCHE GERICHTE<\/h2>\t\t\t\t<\/div>\n\t\t\t\t<\/a>\n\t\t\t\t\t<\/div>\n\t\t\t\t<\/div>\n\t\t<div class=\"elementor-element elementor-element-0174d16 e-flex e-con-boxed e-con e-parent\" data-id=\"0174d16\" data-element_type=\"container\">\n\t\t\t\t\t<div class=\"e-con-inner\">\n\t\t\t\t<div class=\"elementor-element elementor-element-02bd486 elementor-widget elementor-widget-heading\" data-id=\"02bd486\" data-element_type=\"widget\" data-widget_type=\"heading.default\">\n\t\t\t\t\t<h5 class=\"elementor-heading-title elementor-size-default\">Galerie<\/h5>\t\t\t\t<\/div>\n\t\t\t\t<div class=\"elementor-element elementor-element-20c028b elementor-widget elementor-widget-heading\" data-id=\"20c028b\" data-element_type=\"widget\" data-widget_type=\"heading.default\">\n\t\t\t\t\t<h2 class=\"elementor-heading-title elementor-size-default\">galerie<\/h2>\t\t\t\t<\/div>\n\t\t\t\t\t<\/div>\n\t\t\t\t<\/div>\n\t\t<div class=\"elementor-element elementor-element-5c05f8e e-con-full e-flex e-con e-parent\" data-id=\"5c05f8e\" data-element_type=\"container\">\n\t\t<div class=\"elementor-element elementor-element-acf069a e-con-full e-flex e-con e-child\" data-id=\"acf069a\" data-element_type=\"container\">\n\t\t\t\t<div class=\"elementor-element elementor-element-c0702e6 elementor-arrows-position-inside elementor-widget elementor-widget-image-carousel\" data-id=\"c0702e6\" data-element_type=\"widget\" data-settings=\"{&quot;slides_to_show&quot;:&quot;4&quot;,&quot;navigation&quot;:&quot;arrows&quot;,&quot;autoplay&quot;:&quot;yes&quot;,&quot;pause_on_hover&quot;:&quot;yes&quot;,&quot;pause_on_interaction&quot;:&quot;yes&quot;,&quot;autoplay_speed&quot;:5000,&quot;infinite&quot;:&quot;yes&quot;,&quot;speed&quot;:500,&quot;image_spacing_custom&quot;:{&quot;unit&quot;:&quot;px&quot;,&quot;size&quot;:20,&quot;sizes&quot;:[]},&quot;image_spacing_custom_tablet&quot;:{&quot;unit&quot;:&quot;px&quot;,&quot;size&quot;:&quot;&quot;,&quot;sizes&quot;:[]},&quot;image_spacing_custom_mobile&quot;:{&quot;unit&quot;:&quot;px&quot;,&quot;size&quot;:&quot;&quot;,&quot;sizes&quot;:[]}}\" data-widget_type=\"image-carousel.default\">\n\t\t\t\t\t\t\t<div class=\"elementor-image-carousel-wrapper swiper\" role=\"region\" aria-roledescription=\"carousel\" aria-label=\"Bild Karussell\" dir=\"ltr\">\n\t\t\t<div class=\"elementor-image-carousel swiper-wrapper swiper-image-stretch\" aria-live=\"off\">\n\t\t\t\t\t\t\t\t<div class=\"swiper-slide\" role=\"group\" aria-roledescription=\"slide\" aria-label=\"1 von 5\"><figure class=\"swiper-slide-inner\"><img decoding=\"async\" class=\"swiper-slide-image\" src=\"https:\/\/fourseasonsrestaurant.gr\/wp-content\/uploads\/2024\/08\/IMG_20230813_195534-1-768x1023.jpg\" alt=\"IMG_20230813_195534 (1)\" \/><\/figure><\/div><div class=\"swiper-slide\" role=\"group\" aria-roledescription=\"slide\" aria-label=\"2 von 5\"><figure class=\"swiper-slide-inner\"><img decoding=\"async\" class=\"swiper-slide-image\" src=\"https:\/\/fourseasonsrestaurant.gr\/wp-content\/uploads\/2024\/08\/875F1085-96CF-49A0-B7A2-7CB308085580-1-768x1024.jpeg\" alt=\"875F1085-96CF-49A0-B7A2-7CB308085580 (1)\" \/><\/figure><\/div><div class=\"swiper-slide\" role=\"group\" aria-roledescription=\"slide\" aria-label=\"3 von 5\"><figure class=\"swiper-slide-inner\"><img decoding=\"async\" class=\"swiper-slide-image\" src=\"https:\/\/fourseasonsrestaurant.gr\/wp-content\/uploads\/2024\/04\/2022-02-18.jpg\" alt=\"2022-02-18\" \/><\/figure><\/div><div class=\"swiper-slide\" role=\"group\" aria-roledescription=\"slide\" aria-label=\"4 von 5\"><figure class=\"swiper-slide-inner\"><img decoding=\"async\" class=\"swiper-slide-image\" src=\"https:\/\/fourseasonsrestaurant.gr\/wp-content\/uploads\/2024\/04\/2023-12-27.jpg\" alt=\"2023-12-27\" \/><\/figure><\/div><div class=\"swiper-slide\" role=\"group\" aria-roledescription=\"slide\" aria-label=\"5 von 5\"><figure class=\"swiper-slide-inner\"><img decoding=\"async\" class=\"swiper-slide-image\" src=\"https:\/\/fourseasonsrestaurant.gr\/wp-content\/uploads\/2024\/04\/2022-08-12-1.jpg\" alt=\"2022-08-12 (1)\" \/><\/figure><\/div>\t\t\t<\/div>\n\t\t\t\t\t\t\t\t\t\t\t\t<div class=\"elementor-swiper-button elementor-swiper-button-prev\" role=\"button\" tabindex=\"0\">\n\t\t\t\t\t\t<svg aria-hidden=\"true\" class=\"e-font-icon-svg e-eicon-chevron-left\" viewBox=\"0 0 1000 1000\" xmlns=\"http:\/\/www.w3.org\/2000\/svg\"><path d=\"M646 125C629 125 613 133 604 142L308 442C296 454 292 471 292 487 292 504 296 521 308 533L604 854C617 867 629 875 646 875 663 875 679 871 692 858 704 846 713 829 713 812 713 796 708 779 692 767L438 487 692 225C700 217 708 204 708 187 708 171 704 154 692 142 675 129 663 125 646 125Z\"><\/path><\/svg>\t\t\t\t\t<\/div>\n\t\t\t\t\t<div class=\"elementor-swiper-button elementor-swiper-button-next\" role=\"button\" tabindex=\"0\">\n\t\t\t\t\t\t<svg aria-hidden=\"true\" class=\"e-font-icon-svg e-eicon-chevron-right\" viewBox=\"0 0 1000 1000\" xmlns=\"http:\/\/www.w3.org\/2000\/svg\"><path d=\"M696 533C708 521 713 504 713 487 713 471 708 454 696 446L400 146C388 133 375 125 354 125 338 125 325 129 313 142 300 154 292 171 292 187 292 204 296 221 308 233L563 492 304 771C292 783 288 800 288 817 288 833 296 850 308 863 321 871 338 875 354 875 371 875 388 867 400 854L696 533Z\"><\/path><\/svg>\t\t\t\t\t<\/div>\n\t\t\t\t\n\t\t\t\t\t\t\t\t\t<\/div>\n\t\t\t\t\t\t<\/div>\n\t\t\t\t<\/div>\n\t\t\t\t<\/div>\n\t\t\t\t<\/div>\n\t\t","protected":false},"excerpt":{"rendered":"<p>Willkommen im Four Seasons Restaurant Afandou Pizza Pasta Restaurant Afandou Entdecken Sie unser Men\u00fc \u00dcber uns about us Pizza, Pasta, Grill Griechisches Restaurant in Afandou Im Four Seasons Restaurant in Afandou, Rhodos, sind wir stolz darauf, die besten Pizzen und Pastagerichte zu servieren, die mit frischen, lokal bezogenen Zutaten zubereitet werden. Unser Men\u00fc ist ein [&hellip;]<\/p>\n","protected":false},"author":1,"featured_media":0,"parent":0,"menu_order":0,"comment_status":"closed","ping_status":"closed","template":"elementor_header_footer","meta":{"footnotes":""},"class_list":["post-1489","page","type-page","status-publish","hentry"],"_links":{"self":[{"href":"https:\/\/fourseasonsrestaurant.gr\/de\/wp-json\/wp\/v2\/pages\/1489","targetHints":{"allow":["GET"]}}],"collection":[{"href":"https:\/\/fourseasonsrestaurant.gr\/de\/wp-json\/wp\/v2\/pages"}],"about":[{"href":"https:\/\/fourseasonsrestaurant.gr\/de\/wp-json\/wp\/v2\/types\/page"}],"author":[{"embeddable":true,"href":"https:\/\/fourseasonsrestaurant.gr\/de\/wp-json\/wp\/v2\/users\/1"}],"replies":[{"embeddable":true,"href":"https:\/\/fourseasonsrestaurant.gr\/de\/wp-json\/wp\/v2\/comments?post=1489"}],"version-history":[{"count":1,"href":"https:\/\/fourseasonsrestaurant.gr\/de\/wp-json\/wp\/v2\/pages\/1489\/revisions"}],"predecessor-version":[{"id":1490,"href":"https:\/\/fourseasonsrestaurant.gr\/de\/wp-json\/wp\/v2\/pages\/1489\/revisions\/1490"}],"wp:attachment":[{"href":"https:\/\/fourseasonsrestaurant.gr\/de\/wp-json\/wp\/v2\/media?parent=1489"}],"curies":[{"name":"wp","href":"https:\/\/api.w.org\/{rel}","templated":true}]}}